{"id":4375,"date":"2021-08-20T22:53:20","date_gmt":"2021-08-20T20:53:20","guid":{"rendered":"http:\/\/www.rinaldesign.de\/?page_id=4375"},"modified":"2022-10-13T13:06:43","modified_gmt":"2022-10-13T11:06:43","slug":"about-me","status":"publish","type":"page","link":"http:\/\/www.rinaldesign.de\/?page_id=4375","title":{"rendered":"ABOUT ME"},"content":{"rendered":"\n<figure class=\"wp-block-image size-large is-resized is-style-default\"><img data-attachment-id=\"4661\" data-permalink=\"http:\/\/www.rinaldesign.de\/?attachment_id=4661\" data-orig-file=\"https:\/\/i0.wp.com\/www.rinaldesign.de\/wp-content\/uploads\/2022\/10\/Raffaele_Rinaldi_1-edited.jpg?fit=2296%2C2297\" data-orig-size=\"2296,2297\" data-comments-opened=\"0\" data-image-meta=\"{&quot;aperture&quot;:&quot;8&quot;,&quot;credit&quot;:&quot;&quot;,&quot;camera&quot;:&quot;NIKON D5&quot;,&quot;caption&quot;:&quot;&quot;,&quot;created_timestamp&quot;:&quot;1661251181&quot;,&quot;copyright&quot;:&quot;&quot;,&quot;focal_length&quot;:&quot;70&quot;,&quot;iso&quot;:&quot;100&quot;,&quot;shutter_speed&quot;:&quot;0.00625&quot;,&quot;title&quot;:&quot;&quot;,&quot;orientation&quot;:&quot;1&quot;}\" data-image-title=\"Raffaele_Rinaldi_1\" data-image-description=\"\" data-image-caption=\"\" data-medium-file=\"https:\/\/i0.wp.com\/www.rinaldesign.de\/wp-content\/uploads\/2022\/10\/Raffaele_Rinaldi_1-edited.jpg?fit=1024%2C1024\" data-large-file=\"https:\/\/i0.wp.com\/www.rinaldesign.de\/wp-content\/uploads\/2022\/10\/Raffaele_Rinaldi_1-edited.jpg?fit=640%2C640\" src=\"https:\/\/i0.wp.com\/www.rinaldesign.de\/wp-content\/uploads\/2022\/10\/Raffaele_Rinaldi_1-edited.jpg?w=433\" alt=\"\" class=\"wp-image-4661\" srcset=\"https:\/\/i0.wp.com\/www.rinaldesign.de\/wp-content\/uploads\/2022\/10\/Raffaele_Rinaldi_1-edited.jpg?w=2296 2296w, https:\/\/i0.wp.com\/www.rinaldesign.de\/wp-content\/uploads\/2022\/10\/Raffaele_Rinaldi_1-edited.jpg?resize=1024%2C1024 1024w, https:\/\/i0.wp.com\/www.rinaldesign.de\/wp-content\/uploads\/2022\/10\/Raffaele_Rinaldi_1-edited.jpg?resize=150%2C150 150w, https:\/\/i0.wp.com\/www.rinaldesign.de\/wp-content\/uploads\/2022\/10\/Raffaele_Rinaldi_1-edited.jpg?resize=1536%2C1536 1536w, https:\/\/i0.wp.com\/www.rinaldesign.de\/wp-content\/uploads\/2022\/10\/Raffaele_Rinaldi_1-edited.jpg?resize=2048%2C2048 2048w, https:\/\/i0.wp.com\/www.rinaldesign.de\/wp-content\/uploads\/2022\/10\/Raffaele_Rinaldi_1-edited.jpg?resize=450%2C450 450w, https:\/\/i0.wp.com\/www.rinaldesign.de\/wp-content\/uploads\/2022\/10\/Raffaele_Rinaldi_1-edited.jpg?resize=600%2C600 600w, https:\/\/i0.wp.com\/www.rinaldesign.de\/wp-content\/uploads\/2022\/10\/Raffaele_Rinaldi_1-edited.jpg?w=1280 1280w, https:\/\/i0.wp.com\/www.rinaldesign.de\/wp-content\/uploads\/2022\/10\/Raffaele_Rinaldi_1-edited.jpg?w=1920 1920w\" sizes=\"(max-width: 640px) 100vw, 640px\" data-recalc-dims=\"1\" \/><\/figure>\n\n\n\n<p style=\"text-align: left;\">Raffaele Rinaldi<\/p>\n<p style=\"text-align: left;\">1989 &#8211; Italien<\/p>\n<p style=\"text-align: left;\">B.A. &#8211; Kommunikationsdesign und Fotografie &#8211; Hochschule D\u00fcsseldorf<\/p>\n<p style=\"text-align: left;\">Freelancer f\u00fcr Fotografie und Mediendesign<\/p>\n<p style=\"text-align: left;\">Senior Postproducer \/\/ Team Lead Postproduction<br \/>@ simplicity_ Networks GmbH<\/p>\n<p style=\"text-align: left;\">Dozent &amp; Fototrainer<br \/>@ KNIPSAKADEMIE<\/p>\n","protected":false},"excerpt":{"rendered":"<p>Raffaele Rinaldi 1989 &#8211; Italien B.A. &#8211; Kommunikationsdesign und Fotografie [&hellip;]<\/p>\n","protected":false},"author":1,"featured_media":0,"parent":4315,"menu_order":5,"comment_status":"closed","ping_status":"closed","template":"","meta":{"jetpack_post_was_ever_published":false},"jetpack_sharing_enabled":true,"jetpack_shortlink":"https:\/\/wp.me\/P6Js4y-18z","jetpack-related-posts":[{"id":4272,"url":"http:\/\/www.rinaldesign.de\/?page_id=4272","url_meta":{"origin":4375,"position":0},"title":"WORKSHOPS","date":"20. August 2021","format":false,"excerpt":"Fotoworkshops & Kurse Als Fototrainer der KNIPSAKADEMIE biete ich seit einigen Jahren fotografische Grundlagenkurse so wie Nacht-Fotowalks und Smart-Fotoworkshops in Wuppertal und D\u00fcsseldorf an. Freie Termine und eine genaue Beschreibung der verschiedenen Kursinhalte findet ihr unter: www.knipsakademie.de","rel":"","context":"\u00c4hnlicher Beitrag","img":{"alt_text":"","src":"https:\/\/i0.wp.com\/www.rinaldesign.de\/wp-content\/uploads\/2021\/08\/Banner.jpg?fit=1200%2C400&resize=350%2C200","width":350,"height":200},"classes":[]},{"id":225,"url":"http:\/\/www.rinaldesign.de\/?page_id=225","url_meta":{"origin":4375,"position":1},"title":"CONTACT","date":"17. M\u00e4rz 2018","format":false,"excerpt":"Schreiben Sie mir. Haben Sie Fragen oder m\u00f6chten Sie gerne ein unverbindliches, individuelles Angebot? Dann f\u00fcllen Sie einfach das Formular aus und ich werde mich schnellstm\u00f6glich mit Ihnen in Verbindung setzen.","rel":"","context":"\u00c4hnlicher Beitrag","img":{"alt_text":"","src":"","width":0,"height":0},"classes":[]}],"_links":{"self":[{"href":"http:\/\/www.rinaldesign.de\/index.php?rest_route=\/wp\/v2\/pages\/4375"}],"collection":[{"href":"http:\/\/www.rinaldesign.de\/index.php?rest_route=\/wp\/v2\/pages"}],"about":[{"href":"http:\/\/www.rinaldesign.de\/index.php?rest_route=\/wp\/v2\/types\/page"}],"author":[{"embeddable":true,"href":"http:\/\/www.rinaldesign.de\/index.php?rest_route=\/wp\/v2\/users\/1"}],"replies":[{"embeddable":true,"href":"http:\/\/www.rinaldesign.de\/index.php?rest_route=%2Fwp%2Fv2%2Fcomments&post=4375"}],"version-history":[{"count":10,"href":"http:\/\/www.rinaldesign.de\/index.php?rest_route=\/wp\/v2\/pages\/4375\/revisions"}],"predecessor-version":[{"id":4662,"href":"http:\/\/www.rinaldesign.de\/index.php?rest_route=\/wp\/v2\/pages\/4375\/revisions\/4662"}],"up":[{"embeddable":true,"href":"http:\/\/www.rinaldesign.de\/index.php?rest_route=\/wp\/v2\/pages\/4315"}],"wp:attachment":[{"href":"http:\/\/www.rinaldesign.de\/index.php?rest_route=%2Fwp%2Fv2%2Fmedia&parent=4375"}],"curies":[{"name":"wp","href":"https:\/\/api.w.org\/{rel}","templated":true}]}}